{"id":161,"date":"2019-02-08T07:49:24","date_gmt":"2019-02-08T15:49:24","guid":{"rendered":"https:\/\/www.everclean.ch\/?page_id=161"},"modified":"2024-08-13T09:41:38","modified_gmt":"2024-08-13T08:41:38","slug":"a-propos-de-nous","status":"publish","type":"page","link":"https:\/\/www.everclean.ch\/fr\/a-propos-de-nous\/","title":{"rendered":"\u00c0 Propos"},"content":{"rendered":"<p>Nous aimons les chats, et nous savons qu\u2019ils ont besoin du bon environnement pour pouvoir s\u2019\u00e9panouir. C\u2019est pourquoi nous avons pass\u00e9 plus de 30 ann\u00e9es \u00e0 perfectionner notre liti\u00e8re agglom\u00e9rante pour chat de qualit\u00e9 sup\u00e9rieure.<\/p>\n<p>Une argile de premi\u00e8re qualit\u00e9 est le secret de l\u2019incomparable capacit\u00e9 d\u2019agglom\u00e9ration de notre liti\u00e8re, et notre technologie au charbon actif offre un contr\u00f4le optimal des mauvaises odeurs.<\/p>\n<p>Les chats sont avant tout notre priorit\u00e9, mais, puisque la liti\u00e8re Ever Clean permettra aussi \u00e0 votre foyer de rester propre et frais plus longtemps, nous savons que vous l\u2019adorerez tout autant.<\/p>\n","protected":false},"excerpt":{"rendered":"<p>Nous aimons les chats, et nous savons qu\u2019ils ont besoin du bon environnement pour pouvoir s\u2019\u00e9panouir. C\u2019est pourquoi nous avons pass\u00e9 plus de 30 ann\u00e9es \u00e0 perfectionner notre liti\u00e8re agglom\u00e9rante pour chat de qualit\u00e9 sup\u00e9rieure. Une argile de premi\u00e8re qualit\u00e9 est le secret de l\u2019incomparable capacit\u00e9 d\u2019agglom\u00e9ration de notre liti\u00e8re, et notre technologie au charbon [&hellip;]<\/p>\n","protected":false},"author":20,"featured_media":6238,"parent":0,"menu_order":0,"comment_status":"closed","ping_status":"closed","template":"template-aboutus.php","meta":{"_acf_changed":false,"_oasis_is_in_workflow":0,"_oasis_original":0,"_oasis_task_priority":"","footnotes":""},"class_list":["post-161","page","type-page","status-publish","has-post-thumbnail","hentry"],"acf":[],"_links":{"self":[{"href":"https:\/\/www.everclean.ch\/fr\/wp-json\/wp\/v2\/pages\/161","targetHints":{"allow":["GET"]}}],"collection":[{"href":"https:\/\/www.everclean.ch\/fr\/wp-json\/wp\/v2\/pages"}],"about":[{"href":"https:\/\/www.everclean.ch\/fr\/wp-json\/wp\/v2\/types\/page"}],"author":[{"embeddable":true,"href":"https:\/\/www.everclean.ch\/fr\/wp-json\/wp\/v2\/users\/20"}],"replies":[{"embeddable":true,"href":"https:\/\/www.everclean.ch\/fr\/wp-json\/wp\/v2\/comments?post=161"}],"version-history":[{"count":6,"href":"https:\/\/www.everclean.ch\/fr\/wp-json\/wp\/v2\/pages\/161\/revisions"}],"predecessor-version":[{"id":6249,"href":"https:\/\/www.everclean.ch\/fr\/wp-json\/wp\/v2\/pages\/161\/revisions\/6249"}],"wp:featuredmedia":[{"embeddable":true,"href":"https:\/\/www.everclean.ch\/fr\/wp-json\/wp\/v2\/media\/6238"}],"wp:attachment":[{"href":"https:\/\/www.everclean.ch\/fr\/wp-json\/wp\/v2\/media?parent=161"}],"curies":[{"name":"wp","href":"https:\/\/api.w.org\/{rel}","templated":true}]}}