{"id":164,"date":"2019-02-08T09:39:35","date_gmt":"2019-02-08T17:39:35","guid":{"rendered":"https:\/\/www.everclean.ch\/?page_id=164"},"modified":"2021-03-24T11:20:28","modified_gmt":"2021-03-24T11:20:28","slug":"ou-nous-trouver","status":"publish","type":"page","link":"https:\/\/www.everclean.ch\/fr\/ou-nous-trouver\/","title":{"rendered":"O\u00f9 nous trouver"},"content":{"rendered":"<p>Vous pourrez acheter notre liti\u00e8re agglom\u00e9rante pour chat de premi\u00e8re qualit\u00e9 aupr\u00e8s de ces revendeurs.<\/p>\n\n\n<p><\/p>\n","protected":false},"excerpt":{"rendered":"<p>Vous pourrez acheter notre liti\u00e8re agglom\u00e9rante pour chat de premi\u00e8re qualit\u00e9 aupr\u00e8s de ces revendeurs.<\/p>\n","protected":false},"author":20,"featured_media":65,"parent":0,"menu_order":0,"comment_status":"closed","ping_status":"closed","template":"template-findus.php","meta":{"_acf_changed":false,"_oasis_is_in_workflow":0,"_oasis_original":0,"_oasis_task_priority":"","footnotes":""},"class_list":["post-164","page","type-page","status-publish","has-post-thumbnail","hentry"],"acf":[],"_links":{"self":[{"href":"https:\/\/www.everclean.ch\/fr\/wp-json\/wp\/v2\/pages\/164","targetHints":{"allow":["GET"]}}],"collection":[{"href":"https:\/\/www.everclean.ch\/fr\/wp-json\/wp\/v2\/pages"}],"about":[{"href":"https:\/\/www.everclean.ch\/fr\/wp-json\/wp\/v2\/types\/page"}],"author":[{"embeddable":true,"href":"https:\/\/www.everclean.ch\/fr\/wp-json\/wp\/v2\/users\/20"}],"replies":[{"embeddable":true,"href":"https:\/\/www.everclean.ch\/fr\/wp-json\/wp\/v2\/comments?post=164"}],"version-history":[{"count":0,"href":"https:\/\/www.everclean.ch\/fr\/wp-json\/wp\/v2\/pages\/164\/revisions"}],"wp:featuredmedia":[{"embeddable":true,"href":"https:\/\/www.everclean.ch\/fr\/wp-json\/wp\/v2\/media\/65"}],"wp:attachment":[{"href":"https:\/\/www.everclean.ch\/fr\/wp-json\/wp\/v2\/media?parent=164"}],"curies":[{"name":"wp","href":"https:\/\/api.w.org\/{rel}","templated":true}]}}