{"id":165,"date":"2019-02-08T09:40:10","date_gmt":"2019-02-08T09:40:10","guid":{"rendered":"https:\/\/www.everclean.ch\/?page_id=165"},"modified":"2023-09-08T15:38:32","modified_gmt":"2023-09-08T14:38:32","slug":"nos-litieres","status":"publish","type":"page","link":"https:\/\/www.everclean.ch\/fr\/nos-litieres\/","title":{"rendered":"Nos liti\u00e8res"},"content":{"rendered":"<p style=\"text-align: center\">Notre gamme de liti\u00e8res agglom\u00e9rantes de premi\u00e8re qualit\u00e9 a \u00e9t\u00e9 sp\u00e9cialement con\u00e7ue pour procurer un environnement de bien-\u00eatre \u00e0 votre chat dans lequel il pourra s\u2019\u00e9panouir, quels que soient ses besoins personnels. Nous avons recours \u00e0 des technologies incomparables, qui \u00e9liminent les odeurs et garantissent une fra\u00eecheur continue, \u0153uvrant ainsi pour le bien-\u00eatre de votre chat chez vous.<\/p>\n","protected":false},"excerpt":{"rendered":"<p>Notre gamme de liti\u00e8res agglom\u00e9rantes de premi\u00e8re qualit\u00e9 a \u00e9t\u00e9 sp\u00e9cialement con\u00e7ue pour procurer un environnement de bien-\u00eatre \u00e0 votre chat dans lequel il pourra s\u2019\u00e9panouir, quels que soient ses besoins personnels. Nous avons recours \u00e0 des technologies incomparables, qui \u00e9liminent les odeurs et garantissent une fra\u00eecheur continue, \u0153uvrant ainsi pour le bien-\u00eatre de votre [&hellip;]<\/p>\n","protected":false},"author":20,"featured_media":67,"parent":0,"menu_order":0,"comment_status":"closed","ping_status":"closed","template":"template-products.php","meta":{"_acf_changed":false,"_oasis_is_in_workflow":0,"_oasis_original":0,"_oasis_task_priority":"","footnotes":""},"class_list":["post-165","page","type-page","status-publish","has-post-thumbnail","hentry"],"acf":[],"_links":{"self":[{"href":"https:\/\/www.everclean.ch\/fr\/wp-json\/wp\/v2\/pages\/165","targetHints":{"allow":["GET"]}}],"collection":[{"href":"https:\/\/www.everclean.ch\/fr\/wp-json\/wp\/v2\/pages"}],"about":[{"href":"https:\/\/www.everclean.ch\/fr\/wp-json\/wp\/v2\/types\/page"}],"author":[{"embeddable":true,"href":"https:\/\/www.everclean.ch\/fr\/wp-json\/wp\/v2\/users\/20"}],"replies":[{"embeddable":true,"href":"https:\/\/www.everclean.ch\/fr\/wp-json\/wp\/v2\/comments?post=165"}],"version-history":[{"count":1,"href":"https:\/\/www.everclean.ch\/fr\/wp-json\/wp\/v2\/pages\/165\/revisions"}],"predecessor-version":[{"id":4109,"href":"https:\/\/www.everclean.ch\/fr\/wp-json\/wp\/v2\/pages\/165\/revisions\/4109"}],"wp:featuredmedia":[{"embeddable":true,"href":"https:\/\/www.everclean.ch\/fr\/wp-json\/wp\/v2\/media\/67"}],"wp:attachment":[{"href":"https:\/\/www.everclean.ch\/fr\/wp-json\/wp\/v2\/media?parent=165"}],"curies":[{"name":"wp","href":"https:\/\/api.w.org\/{rel}","templated":true}]}}